{"id":34,"date":"2024-02-17T05:19:14","date_gmt":"2024-02-17T05:19:14","guid":{"rendered":"https:\/\/vphecuador.com.ec\/?page_id=34"},"modified":"2024-02-18T07:26:01","modified_gmt":"2024-02-18T07:26:01","slug":"sobre-el-vph","status":"publish","type":"page","link":"https:\/\/vphecuador.com.ec\/index.php\/sobre-el-vph\/","title":{"rendered":"Sobre el VPH"},"content":{"rendered":"\n<p>El Virus del Papiloma Humano (VPH) es un grupo de m\u00e1s de 200 virus relacionados, algunos de los cuales est\u00e1n asociados con diferentes tipos de c\u00e1ncer, incluyendo el c\u00e1ncer de cuello uterino, anal, orofar\u00edngeo (garganta), vulvar, vaginal y peniano. Es el virus de transmisi\u00f3n sexual m\u00e1s com\u00fan a nivel mundial.<\/p>\n\n\n\n<h4 class=\"wp-block-heading\">Transmisi\u00f3n<\/h4>\n\n\n\n<p>El VPH se transmite principalmente a trav\u00e9s del contacto piel con piel durante la actividad sexual. Esto incluye el sexo vaginal, anal y oral. Algunas cepas del VPH pueden transmitirse incluso cuando la persona infectada no presenta signos ni s\u00edntomas visibles.<\/p>\n\n\n\n<h4 class=\"wp-block-heading\">Tipos de VPH<\/h4>\n\n\n\n<p>Existen varios tipos de VPH. Algunos tipos pueden causar verrugas genitales, mientras que otros est\u00e1n asociados con c\u00e1nceres genitales y otros tipos de c\u00e1ncer. Los tipos de VPH que no causan c\u00e1ncer suelen provocar verrugas genitales y otros problemas de salud no cancerosos.<\/p>\n","protected":false},"excerpt":{"rendered":"<p>El Virus del Papiloma Humano (VPH) es un grupo de m\u00e1s de 200 virus relacionados, algunos de los cuales est\u00e1n &hellip; <\/p>\n","protected":false},"author":1,"featured_media":0,"parent":0,"menu_order":0,"comment_status":"closed","ping_status":"closed","template":"","meta":{"_coachify_sidebar_layout":"","footnotes":""},"class_list":["post-34","page","type-page","status-publish","hentry","image-hover-transition-effect"],"_links":{"self":[{"href":"https:\/\/vphecuador.com.ec\/index.php\/wp-json\/wp\/v2\/pages\/34","targetHints":{"allow":["GET"]}}],"collection":[{"href":"https:\/\/vphecuador.com.ec\/index.php\/wp-json\/wp\/v2\/pages"}],"about":[{"href":"https:\/\/vphecuador.com.ec\/index.php\/wp-json\/wp\/v2\/types\/page"}],"author":[{"embeddable":true,"href":"https:\/\/vphecuador.com.ec\/index.php\/wp-json\/wp\/v2\/users\/1"}],"replies":[{"embeddable":true,"href":"https:\/\/vphecuador.com.ec\/index.php\/wp-json\/wp\/v2\/comments?post=34"}],"version-history":[{"count":2,"href":"https:\/\/vphecuador.com.ec\/index.php\/wp-json\/wp\/v2\/pages\/34\/revisions"}],"predecessor-version":[{"id":135,"href":"https:\/\/vphecuador.com.ec\/index.php\/wp-json\/wp\/v2\/pages\/34\/revisions\/135"}],"wp:attachment":[{"href":"https:\/\/vphecuador.com.ec\/index.php\/wp-json\/wp\/v2\/media?parent=34"}],"curies":[{"name":"wp","href":"https:\/\/api.w.org\/{rel}","templated":true}]}}