{"id":44,"date":"2024-02-17T05:25:12","date_gmt":"2024-02-17T05:25:12","guid":{"rendered":"https:\/\/vphecuador.com.ec\/?page_id=44"},"modified":"2024-02-18T07:27:09","modified_gmt":"2024-02-18T07:27:09","slug":"tratamiento","status":"publish","type":"page","link":"https:\/\/vphecuador.com.ec\/index.php\/tratamiento\/","title":{"rendered":"Tratamiento"},"content":{"rendered":"\n<h4 class=\"wp-block-heading\"><\/h4>\n\n\n\n<p>No existe un tratamiento para el virus en s\u00ed, pero las condiciones m\u00e9dicas causadas por el VPH pueden tratarse. Las verrugas genitales pueden ser tratadas con medicamentos o a trav\u00e9s de procedimientos quir\u00fargicos. Los cambios precancerosos provocados por el VPH pueden ser manejados eficazmente si se detectan temprano.<\/p>\n\n\n\n<p>La educaci\u00f3n y la prevenci\u00f3n son clave para combatir el VPH. La vacunaci\u00f3n generalizada y las pruebas de detecci\u00f3n regulares son fundamentales para reducir la incidencia de c\u00e1ncer relacionado con el VPH y otros problemas de salud asociados con el virus.<\/p>\n","protected":false},"excerpt":{"rendered":"<p>No existe un tratamiento para el virus en s\u00ed, pero las condiciones m\u00e9dicas causadas por el VPH pueden tratarse. Las &hellip; <\/p>\n","protected":false},"author":1,"featured_media":0,"parent":0,"menu_order":0,"comment_status":"closed","ping_status":"closed","template":"","meta":{"_coachify_sidebar_layout":"","footnotes":""},"class_list":["post-44","page","type-page","status-publish","hentry","image-hover-transition-effect"],"_links":{"self":[{"href":"https:\/\/vphecuador.com.ec\/index.php\/wp-json\/wp\/v2\/pages\/44","targetHints":{"allow":["GET"]}}],"collection":[{"href":"https:\/\/vphecuador.com.ec\/index.php\/wp-json\/wp\/v2\/pages"}],"about":[{"href":"https:\/\/vphecuador.com.ec\/index.php\/wp-json\/wp\/v2\/types\/page"}],"author":[{"embeddable":true,"href":"https:\/\/vphecuador.com.ec\/index.php\/wp-json\/wp\/v2\/users\/1"}],"replies":[{"embeddable":true,"href":"https:\/\/vphecuador.com.ec\/index.php\/wp-json\/wp\/v2\/comments?post=44"}],"version-history":[{"count":2,"href":"https:\/\/vphecuador.com.ec\/index.php\/wp-json\/wp\/v2\/pages\/44\/revisions"}],"predecessor-version":[{"id":137,"href":"https:\/\/vphecuador.com.ec\/index.php\/wp-json\/wp\/v2\/pages\/44\/revisions\/137"}],"wp:attachment":[{"href":"https:\/\/vphecuador.com.ec\/index.php\/wp-json\/wp\/v2\/media?parent=44"}],"curies":[{"name":"wp","href":"https:\/\/api.w.org\/{rel}","templated":true}]}}