{"id":50,"date":"2024-02-17T05:27:21","date_gmt":"2024-02-17T05:27:21","guid":{"rendered":"https:\/\/vphecuador.com.ec\/?page_id=50"},"modified":"2024-02-18T07:26:29","modified_gmt":"2024-02-18T07:26:29","slug":"prevencion","status":"publish","type":"page","link":"https:\/\/vphecuador.com.ec\/index.php\/prevencion\/","title":{"rendered":"Prevenci\u00f3n"},"content":{"rendered":"\n<h4 class=\"wp-block-heading\"><\/h4>\n\n\n\n<ul class=\"wp-block-list\">\n<li><strong>Vacunaci\u00f3n<\/strong>: La vacunaci\u00f3n contra el VPH es una herramienta poderosa para prevenir la mayor\u00eda de los tipos de c\u00e1ncer causados por el VPH. Est\u00e1 recomendada para preadolescentes de ambos sexos a partir de los 11 o 12 a\u00f1os, pero puede administrarse desde los 9 a\u00f1os. Los adultos hasta los 26 a\u00f1os tambi\u00e9n deber\u00edan considerar vacunarse contra el VPH si no lo hicieron previamente.<\/li>\n\n\n\n<li><strong>Uso de preservativos<\/strong>: Aunque no eliminan completamente el riesgo de transmisi\u00f3n del VPH, el uso correcto y consistente de preservativos durante todas las formas de actividad sexual puede reducir significativamente la posibilidad de adquirir el VPH.<\/li>\n\n\n\n<li><strong>Pruebas de detecci\u00f3n<\/strong>: Las mujeres pueden someterse a pruebas de detecci\u00f3n de c\u00e1ncer de cuello uterino, que pueden identificar cambios precancerosos causados por el VPH. Estas pruebas, incluyendo la prueba de Papanicolaou y la prueba del VPH, son cruciales para prevenir el c\u00e1ncer de cuello uterino.<\/li>\n<\/ul>\n\n\n\n<h4 class=\"wp-block-heading\">Signos y S\u00edntomas<\/h4>\n\n\n\n<p>La mayor\u00eda de las personas con VPH no desarrollan s\u00edntomas ni problemas de salud. En algunos casos, el VPH puede causar verrugas genitales o verrugas en otras partes del cuerpo. Los tipos de VPH que pueden causar c\u00e1ncer son generalmente asintom\u00e1ticos en las etapas iniciales.<\/p>\n","protected":false},"excerpt":{"rendered":"<p>Signos y S\u00edntomas La mayor\u00eda de las personas con VPH no desarrollan s\u00edntomas ni problemas de salud. En algunos casos, &hellip; <\/p>\n","protected":false},"author":1,"featured_media":0,"parent":0,"menu_order":0,"comment_status":"closed","ping_status":"closed","template":"","meta":{"_coachify_sidebar_layout":"","footnotes":""},"class_list":["post-50","page","type-page","status-publish","hentry","image-hover-transition-effect"],"_links":{"self":[{"href":"https:\/\/vphecuador.com.ec\/index.php\/wp-json\/wp\/v2\/pages\/50","targetHints":{"allow":["GET"]}}],"collection":[{"href":"https:\/\/vphecuador.com.ec\/index.php\/wp-json\/wp\/v2\/pages"}],"about":[{"href":"https:\/\/vphecuador.com.ec\/index.php\/wp-json\/wp\/v2\/types\/page"}],"author":[{"embeddable":true,"href":"https:\/\/vphecuador.com.ec\/index.php\/wp-json\/wp\/v2\/users\/1"}],"replies":[{"embeddable":true,"href":"https:\/\/vphecuador.com.ec\/index.php\/wp-json\/wp\/v2\/comments?post=50"}],"version-history":[{"count":2,"href":"https:\/\/vphecuador.com.ec\/index.php\/wp-json\/wp\/v2\/pages\/50\/revisions"}],"predecessor-version":[{"id":136,"href":"https:\/\/vphecuador.com.ec\/index.php\/wp-json\/wp\/v2\/pages\/50\/revisions\/136"}],"wp:attachment":[{"href":"https:\/\/vphecuador.com.ec\/index.php\/wp-json\/wp\/v2\/media?parent=50"}],"curies":[{"name":"wp","href":"https:\/\/api.w.org\/{rel}","templated":true}]}}